{"id":1155,"date":"2018-08-30T16:02:23","date_gmt":"2018-08-30T19:02:23","guid":{"rendered":"https:\/\/ifdctayc-lrj.infd.edu.ar\/sitio\/profesorado-en-danza\/"},"modified":"2020-03-05T18:27:39","modified_gmt":"2020-03-05T21:27:39","slug":"profesorado-en-danza","status":"publish","type":"page","link":"https:\/\/ifdctayc-lrj.infd.edu.ar\/sitio\/profesorado-en-danza\/","title":{"rendered":"Profesorado en Danza"},"content":{"rendered":"<p><img decoding=\"async\" title=\"Profesorado en Danza\" src=\"https:\/\/ifdctayc-lrj.infd.edu.ar\/sitio\/wp-content\/uploads\/2018\/08\/Danza.jpg\" alt=\"Profesorado en Danza\" border=\"0\" \/><\/p>\n<p>&nbsp;<\/p>\n<p><strong>BIBLIOGRAF\u00cdA CURSO DE INGRESO 2020<\/strong><\/p>\n<p><a href=\"https:\/\/ifdctayc-lrj.infd.edu.ar\/sitio\/wp-content\/uploads\/2020\/02\/0-Por-qu\u00e9-ense\u00f1ar-arte-Torres-Garc\u00eda.pdf\">0-Por qu\u00e9 ense\u00f1ar arte-Torres Garc\u00eda<\/a><\/p>\n<p><a href=\"https:\/\/ifdctayc-lrj.infd.edu.ar\/sitio\/wp-content\/uploads\/2020\/02\/1-Introducci\u00f3n-a-la-Danza-Contempor\u00e1nea.pdf\">1-Introducci\u00f3n a la Danza Contempor\u00e1nea<\/a><\/p>\n<p><a href=\"https:\/\/ifdctayc-lrj.infd.edu.ar\/sitio\/wp-content\/uploads\/2020\/02\/2-Introducci\u00f3n-al-Tango.pdf\">2-Introducci\u00f3n al Tango<\/a><\/p>\n<p><a href=\"https:\/\/ifdctayc-lrj.infd.edu.ar\/sitio\/wp-content\/uploads\/2020\/02\/3-Elementos-T\u00e9cnicos-I-Tango.pdf\">3-Elementos T\u00e9cnicos I- Tango<\/a><\/p>\n<p><a href=\"https:\/\/ifdctayc-lrj.infd.edu.ar\/sitio\/wp-content\/uploads\/2020\/02\/4-Introducci\u00f3n-a-la-Expresi\u00f3n-Corporal.pdf\">4-Introducci\u00f3n a la Expresi\u00f3n Corporal<\/a><\/p>\n<p><a href=\"https:\/\/ifdctayc-lrj.infd.edu.ar\/sitio\/wp-content\/uploads\/2020\/02\/5-La-Expresi\u00f3n-Corporal-Danza-Sarante-y-Yarz\u00e1bal.pdf\">5-La Expresi\u00f3n Corporal Danza- Sarante y Yarz\u00e1bal<\/a><\/p>\n<p><a href=\"https:\/\/ifdctayc-lrj.infd.edu.ar\/sitio\/wp-content\/uploads\/2020\/02\/6-Danzas-Folkl\u00f3ricas-Argentinas-Medici.pdf\">6-Danzas Folkl\u00f3ricas Argentinas- Medici<\/a><\/p>\n<p><a href=\"https:\/\/ifdctayc-lrj.infd.edu.ar\/sitio\/wp-content\/uploads\/2020\/02\/7-Danzas-Nativas-Argentinas-Berruti.pdf\">7-Danzas Nativas Argentinas- Berruti<\/a><\/p>\n<p><a href=\"https:\/\/ifdctayc-lrj.infd.edu.ar\/sitio\/wp-content\/uploads\/2020\/02\/8-La-clase-de-Ballet.pdf\">8-La clase de Ballet<\/a><\/p>\n<p><a href=\"https:\/\/ifdctayc-lrj.infd.edu.ar\/sitio\/wp-content\/uploads\/2020\/02\/9-El-en-dehors-en-la-Danza-Cl\u00e1sica.pdf\">9-El en dehors en la Danza Cl\u00e1sica<\/a><\/p>\n<p><a href=\"https:\/\/ifdctayc-lrj.infd.edu.ar\/sitio\/wp-content\/uploads\/2020\/02\/10-La-danza-como-juego-y-el-juego-como-danza-Monroy.pdf\">10-La danza como juego y el juego como danza- Monroy<\/a><\/p>\n<p><a href=\"https:\/\/ifdctayc-lrj.infd.edu.ar\/sitio\/wp-content\/uploads\/2020\/02\/11-Cuadernos-de-Educaci\u00f3n-Art\u00edstica.pdf\">11-Cuadernos de Educaci\u00f3n Art\u00edstica<\/a><\/p>\n<p><a href=\"https:\/\/ifdctayc-lrj.infd.edu.ar\/sitio\/wp-content\/uploads\/2020\/02\/12-T\u00e9cnicas-de-Danza-Huellas-en-el-cuerpo.pdf\">12-T\u00e9cnicas de Danza- Huellas en el cuerpo<\/a><\/p>\n<p><a href=\"https:\/\/ifdctayc-lrj.infd.edu.ar\/sitio\/wp-content\/uploads\/2020\/02\/13-Anatom\u00eda-del-ejercicio-y-el-movimiento-Staugaard-Jones.pdf\">13-Anatom\u00eda del ejercicio y el movimiento-Staugaard Jones<\/a><\/p>\n<p>&nbsp;<\/p>\n","protected":false},"excerpt":{"rendered":"<p>&nbsp; BIBLIOGRAF\u00cdA CURSO DE INGRESO 2020 0-Por qu\u00e9 ense\u00f1ar arte-Torres Garc\u00eda 1-Introducci\u00f3n a la Danza Contempor\u00e1nea 2-Introducci\u00f3n al Tango 3-Elementos T\u00e9cnicos I- Tango 4-Introducci\u00f3n a la Expresi\u00f3n Corporal 5-La Expresi\u00f3n Corporal Danza- Sarante y Yarz\u00e1bal 6-Danzas Folkl\u00f3ricas Argentinas- Medici 7-Danzas Nativas Argentinas- Berruti 8-La clase de Ballet 9-El en dehors en la Danza Cl\u00e1sica 10-La &#8230; <a title=\"Profesorado en Danza\" class=\"read-more\" href=\"https:\/\/ifdctayc-lrj.infd.edu.ar\/sitio\/profesorado-en-danza\/\" aria-label=\"More on Profesorado en Danza\">[+]<\/a><\/p>\n","protected":false},"author":677,"featured_media":0,"parent":0,"menu_order":0,"comment_status":"closed","ping_status":"closed","template":"","meta":[],"acf":[],"_links":{"self":[{"href":"https:\/\/ifdctayc-lrj.infd.edu.ar\/sitio\/wp-json\/wp\/v2\/pages\/1155"}],"collection":[{"href":"https:\/\/ifdctayc-lrj.infd.edu.ar\/sitio\/wp-json\/wp\/v2\/pages"}],"about":[{"href":"https:\/\/ifdctayc-lrj.infd.edu.ar\/sitio\/wp-json\/wp\/v2\/types\/page"}],"author":[{"embeddable":true,"href":"https:\/\/ifdctayc-lrj.infd.edu.ar\/sitio\/wp-json\/wp\/v2\/users\/677"}],"replies":[{"embeddable":true,"href":"https:\/\/ifdctayc-lrj.infd.edu.ar\/sitio\/wp-json\/wp\/v2\/comments?post=1155"}],"version-history":[{"count":4,"href":"https:\/\/ifdctayc-lrj.infd.edu.ar\/sitio\/wp-json\/wp\/v2\/pages\/1155\/revisions"}],"predecessor-version":[{"id":1430,"href":"https:\/\/ifdctayc-lrj.infd.edu.ar\/sitio\/wp-json\/wp\/v2\/pages\/1155\/revisions\/1430"}],"wp:attachment":[{"href":"https:\/\/ifdctayc-lrj.infd.edu.ar\/sitio\/wp-json\/wp\/v2\/media?parent=1155"}],"curies":[{"name":"wp","href":"https:\/\/api.w.org\/{rel}","templated":true}]}}