{"id":1172,"date":"2018-08-30T16:02:29","date_gmt":"2018-08-30T19:02:29","guid":{"rendered":"https:\/\/ifdctayc-lrj.infd.edu.ar\/sitio\/tec-sup-en-operacion-de-estudio-de-television\/"},"modified":"2018-08-30T16:02:29","modified_gmt":"2018-08-30T19:02:29","slug":"tec-sup-en-operacion-de-estudio-de-television","status":"publish","type":"page","link":"https:\/\/ifdctayc-lrj.infd.edu.ar\/sitio\/tec-sup-en-operacion-de-estudio-de-television\/","title":{"rendered":"T\u00e9c. Sup. en Operaci\u00f3n de Estudio de Televisi\u00f3n"},"content":{"rendered":"<p><img decoding=\"async\" title=\"Tec. Sup. en Operador de Estudio de Televi&oacute;n\" src=\"https:\/\/ifdctayc-lrj.infd.edu.ar\/sitio\/wp-content\/uploads\/2018\/08\/Operador_Television.jpg\" border=\"0\" alt=\"Tec. Sup. en Operador de Estudio de Televi&oacute;n\"><\/p>\n","protected":false},"excerpt":{"rendered":"","protected":false},"author":677,"featured_media":0,"parent":0,"menu_order":0,"comment_status":"closed","ping_status":"closed","template":"","meta":[],"acf":[],"_links":{"self":[{"href":"https:\/\/ifdctayc-lrj.infd.edu.ar\/sitio\/wp-json\/wp\/v2\/pages\/1172"}],"collection":[{"href":"https:\/\/ifdctayc-lrj.infd.edu.ar\/sitio\/wp-json\/wp\/v2\/pages"}],"about":[{"href":"https:\/\/ifdctayc-lrj.infd.edu.ar\/sitio\/wp-json\/wp\/v2\/types\/page"}],"author":[{"embeddable":true,"href":"https:\/\/ifdctayc-lrj.infd.edu.ar\/sitio\/wp-json\/wp\/v2\/users\/677"}],"replies":[{"embeddable":true,"href":"https:\/\/ifdctayc-lrj.infd.edu.ar\/sitio\/wp-json\/wp\/v2\/comments?post=1172"}],"version-history":[{"count":0,"href":"https:\/\/ifdctayc-lrj.infd.edu.ar\/sitio\/wp-json\/wp\/v2\/pages\/1172\/revisions"}],"wp:attachment":[{"href":"https:\/\/ifdctayc-lrj.infd.edu.ar\/sitio\/wp-json\/wp\/v2\/media?parent=1172"}],"curies":[{"name":"wp","href":"https:\/\/api.w.org\/{rel}","templated":true}]}}